{"id":212,"date":"2026-02-19T22:40:59","date_gmt":"2026-02-19T22:40:59","guid":{"rendered":"https:\/\/www.xn--lesfleurscolores-oqb.fr\/index.php\/contact-2\/"},"modified":"2026-02-19T22:55:00","modified_gmt":"2026-02-19T22:55:00","slug":"contact-2","status":"publish","type":"page","link":"https:\/\/www.xn--lesfleurscolores-oqb.fr\/index.php\/contact-2\/","title":{"rendered":"Contact"},"content":{"rendered":"\n<div class=\"section-wrapper\" data-id=\"1XuJZT\"><section class=\"wp-block-gutenverse-section guten-element guten-section guten-1XuJZT layout-boxed align-stretch\"><div class=\"guten-container guten-column-gap-no\">\n<div class=\"wp-block-gutenverse-column guten-element guten-column guten-g13mP1\"><div class=\"guten-column-wrapper\" data-id=\"g13mP1\">\n<div class=\"guten-element guten-advanced-heading guten-n4lOqt animated guten-element-hide desktop-fadeInLeft\"><div class=\"heading-section \"><div class=\"heading-line before\"><\/div><h6 class=\"heading-title\"><span class=\"heading-title\">Contact Us<\/span><span class=\"heading-focus\"><\/span><\/h6><\/div><span class=\"heading-subtitle\"><\/span><\/div>\n\n\n\n<h1 class=\"wp-block-gutenverse-heading guten-element guten-AEmR59 animated guten-element-hide desktop-fadeInLeft\">ENTRER EN  <span id=\"guten-j1he8C\"><span class=\"guten-text-highlight guten-4aquNA\" id=\"guten-byJId5\">CONTACT<\/span><\/span><\/h1>\n\n\n\n<div class=\"section-wrapper\" data-id=\"dctgyo\"><section class=\"wp-block-gutenverse-section guten-element guten-section guten-dctgyo layout-fullwidth align-stretch\"><div class=\"guten-container guten-column-gap-no\">\n<div class=\"wp-block-gutenverse-column guten-element guten-column guten-nC5UeL animated guten-element-hide desktop-fadeInLeft\"><div class=\"guten-column-wrapper\" data-id=\"nC5UeL\">\n<h4 class=\"wp-block-gutenverse-heading guten-element guten-xUPYTa\">Phone<\/h4>\n\n\n\n<div class=\"guten-element guten-icon-list guten-uM0fSX\"><div class=\" list-wrapper \">\n<div class=\"guten-element guten-icon-list-item guten-z8plAu\"><div class=\"list-divider\"><\/div><a id=\"guten-z8plAu\"><span class=\"list-text no-icon\">(+33) 7 68 27 92 97<\/span><\/a><\/div>\n\n\n\n<div class=\"guten-element guten-icon-list-item guten-jBZ5gZ\"><div class=\"list-divider\"><\/div><a id=\"guten-jBZ5gZ\"><span class=\"list-text no-icon\"><\/span><\/a><\/div>\n<\/div><\/div>\n<\/div><\/div>\n\n\n\n<div class=\"wp-block-gutenverse-column guten-element guten-column guten-6lGuYm animated guten-element-hide desktop-fadeInLeft\"><div class=\"guten-column-wrapper\" data-id=\"6lGuYm\">\n<h4 class=\"wp-block-gutenverse-heading guten-element guten-apqryM\">Email<\/h4>\n\n\n\n<div class=\"guten-element guten-icon-list guten-K6f0HD\"><div class=\" list-wrapper \">\n<div class=\"guten-element guten-icon-list-item guten-EApPzF\"><div class=\"list-divider\"><\/div><a id=\"guten-EApPzF\"><span class=\"list-text no-icon\">marchand.amandine0203@gmail.com<\/span><\/a><\/div>\n\n\n\n<div class=\"guten-element guten-icon-list-item guten-PguHYh\"><div class=\"list-divider\"><\/div><a id=\"guten-PguHYh\"><span class=\"list-text no-icon\"><\/span><\/a><\/div>\n<\/div><\/div>\n<\/div><\/div>\n<\/div><\/section><\/div>\n\n\n\n<div class=\"section-wrapper\" data-id=\"zmxYDS\"><section class=\"wp-block-gutenverse-section guten-element guten-section guten-zmxYDS layout-fullwidth align-stretch\"><div class=\"guten-container guten-column-gap-no\">\n<div class=\"wp-block-gutenverse-column guten-element guten-column guten-fgUpN7 animated guten-element-hide desktop-fadeInLeft\"><div class=\"guten-column-wrapper\" data-id=\"fgUpN7\">\n<h4 class=\"wp-block-gutenverse-heading guten-element guten-gaJ03y\">Working Hours<\/h4>\n\n\n\n<div class=\"guten-element guten-icon-list guten-6uX2NO\"><div class=\" list-wrapper \">\n<div class=\"guten-element guten-icon-list-item guten-t5MgJP\"><div class=\"list-divider\"><\/div><a id=\"guten-t5MgJP\"><span class=\"list-text no-icon\">Tous les derniers week-end de chaque mois<\/span><\/a><\/div>\n\n\n\n<div class=\"guten-element guten-icon-list-item guten-Ic4Wv3\"><div class=\"list-divider\"><\/div><a id=\"guten-Ic4Wv3\"><span class=\"list-text no-icon\"><\/span><\/a><\/div>\n<\/div><\/div>\n<\/div><\/div>\n\n\n\n<div class=\"wp-block-gutenverse-column guten-element guten-column guten-HXJYeh animated guten-element-hide desktop-fadeInLeft\"><div class=\"guten-column-wrapper\" data-id=\"HXJYeh\">\n<h4 class=\"wp-block-gutenverse-heading guten-element guten-Itl33y\">Visit Us<\/h4>\n\n\n\n<div class=\"guten-element guten-icon-list guten-PqOmdv\"><div class=\" list-wrapper \">\n<div class=\"guten-element guten-icon-list-item guten-tmcoU6\"><div class=\"list-divider\"><\/div><a id=\"guten-tmcoU6\"><span class=\"list-text no-icon\">25, rue Simone Veil<br>14840 Cuverville, France <\/span><\/a><\/div>\n<\/div><\/div>\n<\/div><\/div>\n<\/div><\/section><\/div>\n<\/div><\/div>\n\n\n\n<div class=\"wp-block-gutenverse-column guten-element guten-column guten-skkIhD\"><div class=\"guten-column-wrapper\" data-id=\"skkIhD\">\n<form style=\"display:none\" class=\"guten-element guten-form-builder guten-k1zdaZ\" data-form-id=\"210\">\n<div class=\"section-wrapper\" data-id=\"6GmeND\"><section class=\"wp-block-gutenverse-section guten-element guten-section guten-6GmeND layout-fullwidth align-stretch\"><div class=\"guten-container guten-column-gap-no\">\n<div class=\"wp-block-gutenverse-column guten-element guten-column guten-fkZ6rA\"><div class=\"guten-column-wrapper\" data-id=\"fkZ6rA\">\n<div class=\"guten-element guten-form-input-text guten-form-input guten-input-position-top guten-n1d9D2 hide-label hide-helper\"><div class=\"label-wrapper\"><\/div><div class=\"main-wrapper\"><input data-validation=\"{&quot;type&quot;:&quot;text&quot;,&quot;required&quot;:false,&quot;validationType&quot;:&quot;none&quot;,&quot;validationWarning&quot;:&quot;Input Invalid&quot;}\" placeholder=\"Pr\u00e9nom\" name=\"input-text-name\" class=\"gutenverse-input gutenverse-input-text\" type=\"text\"\/><div class=\"validation-error\">Input Invalid<\/div><\/div><\/div>\n<\/div><\/div>\n\n\n\n<div class=\"wp-block-gutenverse-column guten-element guten-column guten-GGCcCf\"><div class=\"guten-column-wrapper\" data-id=\"GGCcCf\">\n<div class=\"guten-element guten-form-input-text guten-form-input guten-input-position-top guten-0wL3yi hide-label hide-helper\"><div class=\"label-wrapper\"><\/div><div class=\"main-wrapper\"><input data-validation=\"{&quot;type&quot;:&quot;text&quot;,&quot;required&quot;:false,&quot;validationType&quot;:&quot;none&quot;,&quot;validationWarning&quot;:&quot;Input Invalid&quot;}\" placeholder=\"Nom de famille\" name=\"input-text-name\" class=\"gutenverse-input gutenverse-input-text\" type=\"text\"\/><div class=\"validation-error\">Input Invalid<\/div><\/div><\/div>\n<\/div><\/div>\n<\/div><\/section><\/div>\n\n\n\n<div class=\"section-wrapper\" data-id=\"kbrA4V\"><section class=\"wp-block-gutenverse-section guten-element guten-section guten-kbrA4V layout-fullwidth align-stretch\"><div class=\"guten-container guten-column-gap-no\">\n<div class=\"wp-block-gutenverse-column guten-element guten-column guten-l3CaIK\"><div class=\"guten-column-wrapper\" data-id=\"l3CaIK\">\n<div class=\"guten-element guten-form-input-text guten-form-input guten-input-position-top guten-hq5vvv hide-label hide-helper\"><div class=\"label-wrapper\"><\/div><div class=\"main-wrapper\"><input data-validation=\"{&quot;type&quot;:&quot;text&quot;,&quot;required&quot;:false,&quot;validationType&quot;:&quot;none&quot;,&quot;validationWarning&quot;:&quot;Input Invalid&quot;}\" placeholder=\"Num\u00e9ro de t\u00e9l\u00e9phone \" name=\"input-text-name\" class=\"gutenverse-input gutenverse-input-text\" type=\"text\"\/><div class=\"validation-error\">Input Invalid<\/div><\/div><\/div>\n<\/div><\/div>\n\n\n\n<div class=\"wp-block-gutenverse-column guten-element guten-column guten-xmg0KR\"><div class=\"guten-column-wrapper\" data-id=\"xmg0KR\">\n<div class=\"guten-element guten-form-input-email guten-form-input guten-input-position-top guten-OQAIpH hide-label hide-helper\"><div class=\"label-wrapper\"><\/div><div class=\"main-wrapper\"><input data-validation=\"{&quot;type&quot;:&quot;email&quot;,&quot;required&quot;:false,&quot;validationType&quot;:&quot;none&quot;,&quot;validationWarning&quot;:&quot;Input Invalid&quot;}\" placeholder=\"Adresse Email \" name=\"input-email\" class=\"gutenverse-input gutenverse-input-email\" type=\"email\"\/><div class=\"validation-error\">Input Invalid<\/div><\/div><\/div>\n<\/div><\/div>\n<\/div><\/section><\/div>\n\n\n\n<div class=\"guten-element guten-form-input-textarea guten-form-input guten-input-position-top guten-JK82Si hide-label hide-helper\"><div class=\"label-wrapper\"><\/div><div class=\"main-wrapper\"><textarea data-validation=\"{&quot;type&quot;:&quot;textarea&quot;,&quot;required&quot;:false,&quot;validationType&quot;:&quot;none&quot;,&quot;validationWarning&quot;:&quot;Input Invalid&quot;}\" placeholder=\"Votre message\" name=\"input-textarea\" class=\"gutenverse-input gutenverse-input-text\"><\/textarea><div class=\"validation-error\">Input Invalid<\/div><\/div><\/div>\n\n\n\n<div class=\"guten-element guten-button-wrapper guten-submit-wrapper guten-uOGBA6\"><div class=\"form-notification\"><\/div><button class=\"guten-button gutenverse-input-submit guten-button-sm\" type=\"submit\"><span>Envoyer<\/span><\/button><div class=\"gutenverse-input-submit-loader\"><svg xmlns=\"http:\/\/www.w3.org\/2000\/svg\" viewBox=\"0 0 640 640\"><path d=\"M272 112C272 85.5 293.5 64 320 64C346.5 64 368 85.5 368 112C368 138.5 346.5 160 320 160C293.5 160 272 138.5 272 112zM272 528C272 501.5 293.5 480 320 480C346.5 480 368 501.5 368 528C368 554.5 346.5 576 320 576C293.5 576 272 554.5 272 528zM112 272C138.5 272 160 293.5 160 320C160 346.5 138.5 368 112 368C85.5 368 64 346.5 64 320C64 293.5 85.5 272 112 272zM480 320C480 293.5 501.5 272 528 272C554.5 272 576 293.5 576 320C576 346.5 554.5 368 528 368C501.5 368 480 346.5 480 320zM139 433.1C157.8 414.3 188.1 414.3 206.9 433.1C225.7 451.9 225.7 482.2 206.9 501C188.1 519.8 157.8 519.8 139 501C120.2 482.2 120.2 451.9 139 433.1zM139 139C157.8 120.2 188.1 120.2 206.9 139C225.7 157.8 225.7 188.1 206.9 206.9C188.1 225.7 157.8 225.7 139 206.9C120.2 188.1 120.2 157.8 139 139zM501 433.1C519.8 451.9 519.8 482.2 501 501C482.2 519.8 451.9 519.8 433.1 501C414.3 482.2 414.3 451.9 433.1 433.1C451.9 414.3 482.2 414.3 501 433.1z\"><\/path><\/svg><\/div><\/div>\n<\/form>\n<\/div><\/div>\n<\/div><\/section><\/div>\n\n\n\n<div class=\"section-wrapper\" data-id=\"pTQaQw\"><section class=\"wp-block-gutenverse-section guten-element guten-section guten-pTQaQw layout-fullwidth align-stretch\"><div class=\"guten-container guten-column-gap-no\">\n<div class=\"wp-block-gutenverse-column guten-element guten-column guten-qNCAdv\"><div class=\"guten-column-wrapper\" data-id=\"qNCAdv\">\n<div class=\"guten-element gutenverse-maps guten-maps guten-Jvinkr\" data-src=\"https:\/\/maps.google.com\/maps?q=25%20rue%20simone%20veil%2C%2014840%20cuverville&amp;z=17&amp;t=m&amp;output=embed&amp;iwloc=near\"><iframe frameborder=\"0\" scrolling=\"no\" marginheight=\"0\" marginwidth=\"0\" src=\"\" title=\"25 rue simone veil, 14840 cuverville\"><\/iframe><\/div>\n<\/div><\/div>\n<\/div><\/section><\/div>\n","protected":false},"excerpt":{"rendered":"","protected":false},"author":1,"featured_media":0,"parent":0,"menu_order":0,"comment_status":"closed","ping_status":"closed","template":"full-width-alternate","meta":{"footnotes":""},"class_list":["post-212","page","type-page","status-publish","hentry"],"yoast_head":"<!-- This site is optimized with the Yoast SEO plugin v27.0 - https:\/\/yoast.com\/product\/yoast-seo-wordpress\/ -->\n<title>Contact - Les fleurs color\u00e9es<\/title>\n<meta name=\"robots\" content=\"index, follow, max-snippet:-1, max-image-preview:large, max-video-preview:-1\" \/>\n<link rel=\"canonical\" href=\"https:\/\/www.xn--lesfleurscolores-oqb.fr\/index.php\/contact-2\/\" \/>\n<meta property=\"og:locale\" content=\"fr_FR\" \/>\n<meta property=\"og:type\" content=\"article\" \/>\n<meta property=\"og:title\" content=\"Contact - Les fleurs color\u00e9es\" \/>\n<meta property=\"og:url\" content=\"https:\/\/www.xn--lesfleurscolores-oqb.fr\/index.php\/contact-2\/\" \/>\n<meta property=\"og:site_name\" content=\"Les fleurs color\u00e9es\" \/>\n<meta property=\"article:modified_time\" content=\"2026-02-19T22:55:00+00:00\" \/>\n<meta name=\"twitter:card\" content=\"summary_large_image\" \/>\n<script type=\"application\/ld+json\" class=\"yoast-schema-graph\">{\"@context\":\"https:\/\/schema.org\",\"@graph\":[{\"@type\":\"WebPage\",\"@id\":\"https:\/\/www.xn--lesfleurscolores-oqb.fr\/index.php\/contact-2\/\",\"url\":\"https:\/\/www.xn--lesfleurscolores-oqb.fr\/index.php\/contact-2\/\",\"name\":\"Contact - Les fleurs color\u00e9es\",\"isPartOf\":{\"@id\":\"http:\/\/www.xn--lesfleurscolores-oqb.fr\/#website\"},\"datePublished\":\"2026-02-19T22:40:59+00:00\",\"dateModified\":\"2026-02-19T22:55:00+00:00\",\"breadcrumb\":{\"@id\":\"https:\/\/www.xn--lesfleurscolores-oqb.fr\/index.php\/contact-2\/#breadcrumb\"},\"inLanguage\":\"fr-FR\",\"potentialAction\":[{\"@type\":\"ReadAction\",\"target\":[\"https:\/\/www.xn--lesfleurscolores-oqb.fr\/index.php\/contact-2\/\"]}]},{\"@type\":\"BreadcrumbList\",\"@id\":\"https:\/\/www.xn--lesfleurscolores-oqb.fr\/index.php\/contact-2\/#breadcrumb\",\"itemListElement\":[{\"@type\":\"ListItem\",\"position\":1,\"name\":\"Accueil\",\"item\":\"http:\/\/www.xn--lesfleurscolores-oqb.fr\/\"},{\"@type\":\"ListItem\",\"position\":2,\"name\":\"Contact\"}]},{\"@type\":\"WebSite\",\"@id\":\"http:\/\/www.xn--lesfleurscolores-oqb.fr\/#website\",\"url\":\"http:\/\/www.xn--lesfleurscolores-oqb.fr\/\",\"name\":\"Les fleurs color\u00e9es\",\"description\":\"\",\"potentialAction\":[{\"@type\":\"SearchAction\",\"target\":{\"@type\":\"EntryPoint\",\"urlTemplate\":\"http:\/\/www.xn--lesfleurscolores-oqb.fr\/?s={search_term_string}\"},\"query-input\":{\"@type\":\"PropertyValueSpecification\",\"valueRequired\":true,\"valueName\":\"search_term_string\"}}],\"inLanguage\":\"fr-FR\"}]}<\/script>\n<!-- \/ Yoast SEO plugin. -->","yoast_head_json":{"title":"Contact - Les fleurs color\u00e9es","robots":{"index":"index","follow":"follow","max-snippet":"max-snippet:-1","max-image-preview":"max-image-preview:large","max-video-preview":"max-video-preview:-1"},"canonical":"https:\/\/www.xn--lesfleurscolores-oqb.fr\/index.php\/contact-2\/","og_locale":"fr_FR","og_type":"article","og_title":"Contact - Les fleurs color\u00e9es","og_url":"https:\/\/www.xn--lesfleurscolores-oqb.fr\/index.php\/contact-2\/","og_site_name":"Les fleurs color\u00e9es","article_modified_time":"2026-02-19T22:55:00+00:00","twitter_card":"summary_large_image","schema":{"@context":"https:\/\/schema.org","@graph":[{"@type":"WebPage","@id":"https:\/\/www.xn--lesfleurscolores-oqb.fr\/index.php\/contact-2\/","url":"https:\/\/www.xn--lesfleurscolores-oqb.fr\/index.php\/contact-2\/","name":"Contact - Les fleurs color\u00e9es","isPartOf":{"@id":"http:\/\/www.xn--lesfleurscolores-oqb.fr\/#website"},"datePublished":"2026-02-19T22:40:59+00:00","dateModified":"2026-02-19T22:55:00+00:00","breadcrumb":{"@id":"https:\/\/www.xn--lesfleurscolores-oqb.fr\/index.php\/contact-2\/#breadcrumb"},"inLanguage":"fr-FR","potentialAction":[{"@type":"ReadAction","target":["https:\/\/www.xn--lesfleurscolores-oqb.fr\/index.php\/contact-2\/"]}]},{"@type":"BreadcrumbList","@id":"https:\/\/www.xn--lesfleurscolores-oqb.fr\/index.php\/contact-2\/#breadcrumb","itemListElement":[{"@type":"ListItem","position":1,"name":"Accueil","item":"http:\/\/www.xn--lesfleurscolores-oqb.fr\/"},{"@type":"ListItem","position":2,"name":"Contact"}]},{"@type":"WebSite","@id":"http:\/\/www.xn--lesfleurscolores-oqb.fr\/#website","url":"http:\/\/www.xn--lesfleurscolores-oqb.fr\/","name":"Les fleurs color\u00e9es","description":"","potentialAction":[{"@type":"SearchAction","target":{"@type":"EntryPoint","urlTemplate":"http:\/\/www.xn--lesfleurscolores-oqb.fr\/?s={search_term_string}"},"query-input":{"@type":"PropertyValueSpecification","valueRequired":true,"valueName":"search_term_string"}}],"inLanguage":"fr-FR"}]}},"_links":{"self":[{"href":"https:\/\/www.xn--lesfleurscolores-oqb.fr\/index.php\/wp-json\/wp\/v2\/pages\/212","targetHints":{"allow":["GET"]}}],"collection":[{"href":"https:\/\/www.xn--lesfleurscolores-oqb.fr\/index.php\/wp-json\/wp\/v2\/pages"}],"about":[{"href":"https:\/\/www.xn--lesfleurscolores-oqb.fr\/index.php\/wp-json\/wp\/v2\/types\/page"}],"author":[{"embeddable":true,"href":"https:\/\/www.xn--lesfleurscolores-oqb.fr\/index.php\/wp-json\/wp\/v2\/users\/1"}],"replies":[{"embeddable":true,"href":"https:\/\/www.xn--lesfleurscolores-oqb.fr\/index.php\/wp-json\/wp\/v2\/comments?post=212"}],"version-history":[{"count":1,"href":"https:\/\/www.xn--lesfleurscolores-oqb.fr\/index.php\/wp-json\/wp\/v2\/pages\/212\/revisions"}],"predecessor-version":[{"id":236,"href":"https:\/\/www.xn--lesfleurscolores-oqb.fr\/index.php\/wp-json\/wp\/v2\/pages\/212\/revisions\/236"}],"wp:attachment":[{"href":"https:\/\/www.xn--lesfleurscolores-oqb.fr\/index.php\/wp-json\/wp\/v2\/media?parent=212"}],"curies":[{"name":"wp","href":"https:\/\/api.w.org\/{rel}","templated":true}]}}