{"id":259,"date":"2026-02-26T15:06:17","date_gmt":"2026-02-26T15:06:17","guid":{"rendered":"https:\/\/www.xn--lesfleurscolores-oqb.fr\/?page_id=259"},"modified":"2026-02-28T19:38:29","modified_gmt":"2026-02-28T19:38:29","slug":"paquerettes","status":"publish","type":"page","link":"https:\/\/www.xn--lesfleurscolores-oqb.fr\/index.php\/paquerettes\/","title":{"rendered":"P\u00e2querettes"},"content":{"rendered":"\n<div class=\"section-wrapper\" data-id=\"EVYSsW\"><section class=\"wp-block-gutenverse-section guten-element guten-section guten-EVYSsW layout-boxed align-stretch\"><div class=\"guten-container guten-column-gap-default\">\n<div class=\"wp-block-gutenverse-column guten-element guten-column guten-upNEsM\"><div class=\"guten-column-wrapper\" data-id=\"upNEsM\">\n<figure class=\"wp-block-image size-full\"><img decoding=\"async\" width=\"386\" height=\"265\" src=\"http:\/\/www.xn--lesfleurscolores-oqb.fr\/wp-content\/uploads\/2026\/02\/paquerettes.webp\" alt=\"\" class=\"wp-image-269\" srcset=\"https:\/\/www.xn--lesfleurscolores-oqb.fr\/wp-content\/uploads\/2026\/02\/paquerettes.webp 386w, https:\/\/www.xn--lesfleurscolores-oqb.fr\/wp-content\/uploads\/2026\/02\/paquerettes-300x206.webp 300w\" sizes=\"(max-width: 386px) 100vw, 386px\" \/><\/figure>\n<\/div><\/div>\n\n\n\n<div class=\"wp-block-gutenverse-column guten-element guten-column guten-633u5T\"><div class=\"guten-column-wrapper\" data-id=\"633u5T\">\n<h6 class=\"wp-block-heading\">O\u00f9 trouver les p\u00e2querettes<\/h6>\n\n\n\n<div class=\"guten-element gutenverse-text-editor guten-9uFeGL\"><div class=\"text-content-inner\">\n<p>Nous pouvons trouver les p\u00e2querettes sur des pelouses, dans les prairies, les talus, au bords des chemin, etc. lorsque la terre est riche. Partout en Europe et en Asie occidentale.<\/p>\n<\/div><\/div>\n\n\n\n<h6 class=\"wp-block-heading\">Que contiennent les p\u00e2querettes <\/h6>\n\n\n\n<div class=\"guten-element gutenverse-text-editor guten-TYz0zL\"><div class=\"text-content-inner\">\n<p>Les feuilles et les fleurs des p\u00e2querettes contiennent des vitamines et min\u00e9raux, du mucilage et une essence aromatique.<\/p>\n<\/div><\/div>\n\n\n\n<h6 class=\"wp-block-heading\">Comment cuisiner les p\u00e2querettes<\/h6>\n\n\n\n<div class=\"guten-element gutenverse-text-editor guten-Of95Od\"><div class=\"text-content-inner\">\n<p>Nous pouvons cuisiner les p\u00e2querettes diff\u00e9remment comme : les feuilles s&rsquo;appr\u00e9cient dans les salades,  <\/p>\n<\/div><\/div>\n<\/div><\/div>\n\n\n\n<div class=\"wp-block-gutenverse-column guten-element guten-column guten-YV6p8t\"><div class=\"guten-column-wrapper\" data-id=\"YV6p8t\">\n\n\n\n<div class=\"wp-block-calendar\"><table id=\"wp-calendar\" class=\"wp-calendar-table\">\n\t<caption>avril 2026<\/caption>\n\t<thead>\n\t<tr>\n\t\t<th scope=\"col\" aria-label=\"lundi\">L<\/th>\n\t\t<th scope=\"col\" aria-label=\"mardi\">M<\/th>\n\t\t<th scope=\"col\" aria-label=\"mercredi\">M<\/th>\n\t\t<th scope=\"col\" aria-label=\"jeudi\">J<\/th>\n\t\t<th scope=\"col\" aria-label=\"vendredi\">V<\/th>\n\t\t<th scope=\"col\" aria-label=\"samedi\">S<\/th>\n\t\t<th scope=\"col\" aria-label=\"dimanche\">D<\/th>\n\t<\/tr>\n\t<\/thead>\n\t<tbody>\n\t<tr>\n\t\t<td colspan=\"2\" class=\"pad\">&nbsp;<\/td><td>1<\/td><td>2<\/td><td>3<\/td><td>4<\/td><td>5<\/td>\n\t<\/tr>\n\t<tr>\n\t\t<td>6<\/td><td>7<\/td><td>8<\/td><td>9<\/td><td>10<\/td><td>11<\/td><td>12<\/td>\n\t<\/tr>\n\t<tr>\n\t\t<td>13<\/td><td>14<\/td><td>15<\/td><td>16<\/td><td>17<\/td><td>18<\/td><td id=\"today\">19<\/td>\n\t<\/tr>\n\t<tr>\n\t\t<td>20<\/td><td>21<\/td><td>22<\/td><td>23<\/td><td>24<\/td><td>25<\/td><td>26<\/td>\n\t<\/tr>\n\t<tr>\n\t\t<td>27<\/td><td>28<\/td><td>29<\/td><td>30<\/td>\n\t\t<td class=\"pad\" colspan=\"3\">&nbsp;<\/td>\n\t<\/tr>\n\t<\/tbody>\n\t<\/table><nav aria-label=\"Mois pr\u00e9c\u00e9dents et suivants\" class=\"wp-calendar-nav\">\n\t\t<span class=\"wp-calendar-nav-prev\"><a href=\"https:\/\/www.xn--lesfleurscolores-oqb.fr\/index.php\/2026\/02\/\">&laquo; F\u00e9v<\/a><\/span>\n\t\t<span class=\"pad\">&nbsp;<\/span>\n\t\t<span class=\"wp-calendar-nav-next\">&nbsp;<\/span>\n\t<\/nav><\/div><\/div><\/div>\n<\/div><\/section><\/div>\n","protected":false},"excerpt":{"rendered":"","protected":false},"author":2,"featured_media":0,"parent":0,"menu_order":0,"comment_status":"closed","ping_status":"closed","template":"","meta":{"footnotes":""},"class_list":["post-259","page","type-page","status-publish","hentry"],"yoast_head":"<!-- This site is optimized with the Yoast SEO plugin v27.0 - https:\/\/yoast.com\/product\/yoast-seo-wordpress\/ -->\n<title>P\u00e2querettes - Les fleurs color\u00e9es<\/title>\n<meta name=\"robots\" content=\"index, follow, max-snippet:-1, max-image-preview:large, max-video-preview:-1\" \/>\n<link rel=\"canonical\" href=\"https:\/\/www.xn--lesfleurscolores-oqb.fr\/index.php\/paquerettes\/\" \/>\n<meta property=\"og:locale\" content=\"fr_FR\" \/>\n<meta property=\"og:type\" content=\"article\" \/>\n<meta property=\"og:title\" content=\"P\u00e2querettes - Les fleurs color\u00e9es\" \/>\n<meta property=\"og:url\" content=\"https:\/\/www.xn--lesfleurscolores-oqb.fr\/index.php\/paquerettes\/\" \/>\n<meta property=\"og:site_name\" content=\"Les fleurs color\u00e9es\" \/>\n<meta property=\"article:modified_time\" content=\"2026-02-28T19:38:29+00:00\" \/>\n<meta property=\"og:image\" content=\"http:\/\/www.xn--lesfleurscolores-oqb.fr\/wp-content\/uploads\/2026\/02\/paquerettes.webp\" \/>\n<meta name=\"twitter:card\" content=\"summary_large_image\" \/>\n<meta name=\"twitter:label1\" content=\"Dur\u00e9e de lecture estim\u00e9e\" \/>\n\t<meta name=\"twitter:data1\" content=\"1 minute\" \/>\n<script type=\"application\/ld+json\" class=\"yoast-schema-graph\">{\"@context\":\"https:\/\/schema.org\",\"@graph\":[{\"@type\":\"WebPage\",\"@id\":\"https:\/\/www.xn--lesfleurscolores-oqb.fr\/index.php\/paquerettes\/\",\"url\":\"https:\/\/www.xn--lesfleurscolores-oqb.fr\/index.php\/paquerettes\/\",\"name\":\"P\u00e2querettes - Les fleurs color\u00e9es\",\"isPartOf\":{\"@id\":\"http:\/\/www.xn--lesfleurscolores-oqb.fr\/#website\"},\"primaryImageOfPage\":{\"@id\":\"https:\/\/www.xn--lesfleurscolores-oqb.fr\/index.php\/paquerettes\/#primaryimage\"},\"image\":{\"@id\":\"https:\/\/www.xn--lesfleurscolores-oqb.fr\/index.php\/paquerettes\/#primaryimage\"},\"thumbnailUrl\":\"http:\/\/www.xn--lesfleurscolores-oqb.fr\/wp-content\/uploads\/2026\/02\/paquerettes.webp\",\"datePublished\":\"2026-02-26T15:06:17+00:00\",\"dateModified\":\"2026-02-28T19:38:29+00:00\",\"breadcrumb\":{\"@id\":\"https:\/\/www.xn--lesfleurscolores-oqb.fr\/index.php\/paquerettes\/#breadcrumb\"},\"inLanguage\":\"fr-FR\",\"potentialAction\":[{\"@type\":\"ReadAction\",\"target\":[\"https:\/\/www.xn--lesfleurscolores-oqb.fr\/index.php\/paquerettes\/\"]}]},{\"@type\":\"ImageObject\",\"inLanguage\":\"fr-FR\",\"@id\":\"https:\/\/www.xn--lesfleurscolores-oqb.fr\/index.php\/paquerettes\/#primaryimage\",\"url\":\"https:\/\/www.xn--lesfleurscolores-oqb.fr\/wp-content\/uploads\/2026\/02\/paquerettes.webp\",\"contentUrl\":\"https:\/\/www.xn--lesfleurscolores-oqb.fr\/wp-content\/uploads\/2026\/02\/paquerettes.webp\",\"width\":386,\"height\":265},{\"@type\":\"BreadcrumbList\",\"@id\":\"https:\/\/www.xn--lesfleurscolores-oqb.fr\/index.php\/paquerettes\/#breadcrumb\",\"itemListElement\":[{\"@type\":\"ListItem\",\"position\":1,\"name\":\"Accueil\",\"item\":\"http:\/\/www.xn--lesfleurscolores-oqb.fr\/\"},{\"@type\":\"ListItem\",\"position\":2,\"name\":\"P\u00e2querettes\"}]},{\"@type\":\"WebSite\",\"@id\":\"http:\/\/www.xn--lesfleurscolores-oqb.fr\/#website\",\"url\":\"http:\/\/www.xn--lesfleurscolores-oqb.fr\/\",\"name\":\"Les fleurs color\u00e9es\",\"description\":\"\",\"potentialAction\":[{\"@type\":\"SearchAction\",\"target\":{\"@type\":\"EntryPoint\",\"urlTemplate\":\"http:\/\/www.xn--lesfleurscolores-oqb.fr\/?s={search_term_string}\"},\"query-input\":{\"@type\":\"PropertyValueSpecification\",\"valueRequired\":true,\"valueName\":\"search_term_string\"}}],\"inLanguage\":\"fr-FR\"}]}<\/script>\n<!-- \/ Yoast SEO plugin. -->","yoast_head_json":{"title":"P\u00e2querettes - Les fleurs color\u00e9es","robots":{"index":"index","follow":"follow","max-snippet":"max-snippet:-1","max-image-preview":"max-image-preview:large","max-video-preview":"max-video-preview:-1"},"canonical":"https:\/\/www.xn--lesfleurscolores-oqb.fr\/index.php\/paquerettes\/","og_locale":"fr_FR","og_type":"article","og_title":"P\u00e2querettes - Les fleurs color\u00e9es","og_url":"https:\/\/www.xn--lesfleurscolores-oqb.fr\/index.php\/paquerettes\/","og_site_name":"Les fleurs color\u00e9es","article_modified_time":"2026-02-28T19:38:29+00:00","og_image":[{"url":"http:\/\/www.xn--lesfleurscolores-oqb.fr\/wp-content\/uploads\/2026\/02\/paquerettes.webp","type":"","width":"","height":""}],"twitter_card":"summary_large_image","twitter_misc":{"Dur\u00e9e de lecture estim\u00e9e":"1 minute"},"schema":{"@context":"https:\/\/schema.org","@graph":[{"@type":"WebPage","@id":"https:\/\/www.xn--lesfleurscolores-oqb.fr\/index.php\/paquerettes\/","url":"https:\/\/www.xn--lesfleurscolores-oqb.fr\/index.php\/paquerettes\/","name":"P\u00e2querettes - Les fleurs color\u00e9es","isPartOf":{"@id":"http:\/\/www.xn--lesfleurscolores-oqb.fr\/#website"},"primaryImageOfPage":{"@id":"https:\/\/www.xn--lesfleurscolores-oqb.fr\/index.php\/paquerettes\/#primaryimage"},"image":{"@id":"https:\/\/www.xn--lesfleurscolores-oqb.fr\/index.php\/paquerettes\/#primaryimage"},"thumbnailUrl":"http:\/\/www.xn--lesfleurscolores-oqb.fr\/wp-content\/uploads\/2026\/02\/paquerettes.webp","datePublished":"2026-02-26T15:06:17+00:00","dateModified":"2026-02-28T19:38:29+00:00","breadcrumb":{"@id":"https:\/\/www.xn--lesfleurscolores-oqb.fr\/index.php\/paquerettes\/#breadcrumb"},"inLanguage":"fr-FR","potentialAction":[{"@type":"ReadAction","target":["https:\/\/www.xn--lesfleurscolores-oqb.fr\/index.php\/paquerettes\/"]}]},{"@type":"ImageObject","inLanguage":"fr-FR","@id":"https:\/\/www.xn--lesfleurscolores-oqb.fr\/index.php\/paquerettes\/#primaryimage","url":"https:\/\/www.xn--lesfleurscolores-oqb.fr\/wp-content\/uploads\/2026\/02\/paquerettes.webp","contentUrl":"https:\/\/www.xn--lesfleurscolores-oqb.fr\/wp-content\/uploads\/2026\/02\/paquerettes.webp","width":386,"height":265},{"@type":"BreadcrumbList","@id":"https:\/\/www.xn--lesfleurscolores-oqb.fr\/index.php\/paquerettes\/#breadcrumb","itemListElement":[{"@type":"ListItem","position":1,"name":"Accueil","item":"http:\/\/www.xn--lesfleurscolores-oqb.fr\/"},{"@type":"ListItem","position":2,"name":"P\u00e2querettes"}]},{"@type":"WebSite","@id":"http:\/\/www.xn--lesfleurscolores-oqb.fr\/#website","url":"http:\/\/www.xn--lesfleurscolores-oqb.fr\/","name":"Les fleurs color\u00e9es","description":"","potentialAction":[{"@type":"SearchAction","target":{"@type":"EntryPoint","urlTemplate":"http:\/\/www.xn--lesfleurscolores-oqb.fr\/?s={search_term_string}"},"query-input":{"@type":"PropertyValueSpecification","valueRequired":true,"valueName":"search_term_string"}}],"inLanguage":"fr-FR"}]}},"_links":{"self":[{"href":"https:\/\/www.xn--lesfleurscolores-oqb.fr\/index.php\/wp-json\/wp\/v2\/pages\/259","targetHints":{"allow":["GET"]}}],"collection":[{"href":"https:\/\/www.xn--lesfleurscolores-oqb.fr\/index.php\/wp-json\/wp\/v2\/pages"}],"about":[{"href":"https:\/\/www.xn--lesfleurscolores-oqb.fr\/index.php\/wp-json\/wp\/v2\/types\/page"}],"author":[{"embeddable":true,"href":"https:\/\/www.xn--lesfleurscolores-oqb.fr\/index.php\/wp-json\/wp\/v2\/users\/2"}],"replies":[{"embeddable":true,"href":"https:\/\/www.xn--lesfleurscolores-oqb.fr\/index.php\/wp-json\/wp\/v2\/comments?post=259"}],"version-history":[{"count":17,"href":"https:\/\/www.xn--lesfleurscolores-oqb.fr\/index.php\/wp-json\/wp\/v2\/pages\/259\/revisions"}],"predecessor-version":[{"id":295,"href":"https:\/\/www.xn--lesfleurscolores-oqb.fr\/index.php\/wp-json\/wp\/v2\/pages\/259\/revisions\/295"}],"wp:attachment":[{"href":"https:\/\/www.xn--lesfleurscolores-oqb.fr\/index.php\/wp-json\/wp\/v2\/media?parent=259"}],"curies":[{"name":"wp","href":"https:\/\/api.w.org\/{rel}","templated":true}]}}