{"id":31,"date":"2026-02-19T15:36:53","date_gmt":"2026-02-19T15:36:53","guid":{"rendered":"https:\/\/www.xn--lesfleurscolores-oqb.fr\/?page_id=31"},"modified":"2026-02-19T15:36:54","modified_gmt":"2026-02-19T15:36:54","slug":"nos-produits","status":"publish","type":"page","link":"https:\/\/www.xn--lesfleurscolores-oqb.fr\/index.php\/nos-produits\/","title":{"rendered":"Nos produits"},"content":{"rendered":"\n<p>Nous vendons plusieurs sorte de produits contenant des fleurs comme : des fleurs comestibles, des bouquets de fleurs et du th\u00e9 fait maison.<\/p>\n\n\n\n<p>Voici les diff\u00e9rent prix :<\/p>\n\n\n\n<ul class=\"wp-block-list\">\n<li>20g de plantes collantes : 2\u20ac<\/li>\n\n\n\n<li>10g de feuilles de p\u00e2querettes : 1\u20ac<\/li>\n\n\n\n<li>10g de feuilles de pissenlits : 1\u20ac<\/li>\n\n\n\n<li>10g d&rsquo;orties cuites : 1\u20ac<\/li>\n\n\n\n<li>5g de lampsanes : 0,5\u20ac<\/li>\n\n\n\n<li>5g de coquelicots : 0,5\u20ac<\/li>\n\n\n\n<li>5g de berces spondyles : 0,5\u20ac<\/li>\n\n\n\n<li>5g de roquettes sauvages : 0,5\u20ac<\/li>\n\n\n\n<li>5g de ch\u00e2taignes : 0,5\u20ac<\/li>\n\n\n\n<li>5g d&rsquo;aub\u00e9pines : 0,5\u20ac<\/li>\n\n\n\n<li>1 bouquet d\u00e9coratif de 5 fleurs : 3\u20ac<\/li>\n\n\n\n<li>10g d&rsquo;infusion \u00e0 la menthe : 1\u20ac<\/li>\n<\/ul>\n","protected":false},"excerpt":{"rendered":"<p>Nous vendons plusieurs sorte de produits contenant des fleurs comme : des fleurs comestibles, des bouquets de fleurs et du th\u00e9 fait maison. Voici les diff\u00e9rent prix :<\/p>\n","protected":false},"author":1,"featured_media":0,"parent":0,"menu_order":0,"comment_status":"closed","ping_status":"closed","template":"","meta":{"footnotes":""},"class_list":["post-31","page","type-page","status-publish","hentry"],"yoast_head":"<!-- This site is optimized with the Yoast SEO plugin v27.0 - https:\/\/yoast.com\/product\/yoast-seo-wordpress\/ -->\n<title>Nos produits - Les fleurs color\u00e9es<\/title>\n<meta name=\"robots\" content=\"index, follow, max-snippet:-1, max-image-preview:large, max-video-preview:-1\" \/>\n<link rel=\"canonical\" href=\"https:\/\/www.xn--lesfleurscolores-oqb.fr\/index.php\/nos-produits\/\" \/>\n<meta property=\"og:locale\" content=\"fr_FR\" \/>\n<meta property=\"og:type\" content=\"article\" \/>\n<meta property=\"og:title\" content=\"Nos produits - Les fleurs color\u00e9es\" \/>\n<meta property=\"og:description\" content=\"Nous vendons plusieurs sorte de produits contenant des fleurs comme : des fleurs comestibles, des bouquets de fleurs et du th\u00e9 fait maison. Voici les diff\u00e9rent prix :\" \/>\n<meta property=\"og:url\" content=\"https:\/\/www.xn--lesfleurscolores-oqb.fr\/index.php\/nos-produits\/\" \/>\n<meta property=\"og:site_name\" content=\"Les fleurs color\u00e9es\" \/>\n<meta property=\"article:modified_time\" content=\"2026-02-19T15:36:54+00:00\" \/>\n<meta name=\"twitter:card\" content=\"summary_large_image\" \/>\n<meta name=\"twitter:label1\" content=\"Dur\u00e9e de lecture estim\u00e9e\" \/>\n\t<meta name=\"twitter:data1\" content=\"1 minute\" \/>\n<script type=\"application\/ld+json\" class=\"yoast-schema-graph\">{\"@context\":\"https:\/\/schema.org\",\"@graph\":[{\"@type\":\"WebPage\",\"@id\":\"https:\/\/www.xn--lesfleurscolores-oqb.fr\/index.php\/nos-produits\/\",\"url\":\"https:\/\/www.xn--lesfleurscolores-oqb.fr\/index.php\/nos-produits\/\",\"name\":\"Nos produits - Les fleurs color\u00e9es\",\"isPartOf\":{\"@id\":\"http:\/\/www.xn--lesfleurscolores-oqb.fr\/#website\"},\"datePublished\":\"2026-02-19T15:36:53+00:00\",\"dateModified\":\"2026-02-19T15:36:54+00:00\",\"breadcrumb\":{\"@id\":\"https:\/\/www.xn--lesfleurscolores-oqb.fr\/index.php\/nos-produits\/#breadcrumb\"},\"inLanguage\":\"fr-FR\",\"potentialAction\":[{\"@type\":\"ReadAction\",\"target\":[\"https:\/\/www.xn--lesfleurscolores-oqb.fr\/index.php\/nos-produits\/\"]}]},{\"@type\":\"BreadcrumbList\",\"@id\":\"https:\/\/www.xn--lesfleurscolores-oqb.fr\/index.php\/nos-produits\/#breadcrumb\",\"itemListElement\":[{\"@type\":\"ListItem\",\"position\":1,\"name\":\"Accueil\",\"item\":\"http:\/\/www.xn--lesfleurscolores-oqb.fr\/\"},{\"@type\":\"ListItem\",\"position\":2,\"name\":\"Nos produits\"}]},{\"@type\":\"WebSite\",\"@id\":\"http:\/\/www.xn--lesfleurscolores-oqb.fr\/#website\",\"url\":\"http:\/\/www.xn--lesfleurscolores-oqb.fr\/\",\"name\":\"Les fleurs color\u00e9es\",\"description\":\"\",\"potentialAction\":[{\"@type\":\"SearchAction\",\"target\":{\"@type\":\"EntryPoint\",\"urlTemplate\":\"http:\/\/www.xn--lesfleurscolores-oqb.fr\/?s={search_term_string}\"},\"query-input\":{\"@type\":\"PropertyValueSpecification\",\"valueRequired\":true,\"valueName\":\"search_term_string\"}}],\"inLanguage\":\"fr-FR\"}]}<\/script>\n<!-- \/ Yoast SEO plugin. -->","yoast_head_json":{"title":"Nos produits - Les fleurs color\u00e9es","robots":{"index":"index","follow":"follow","max-snippet":"max-snippet:-1","max-image-preview":"max-image-preview:large","max-video-preview":"max-video-preview:-1"},"canonical":"https:\/\/www.xn--lesfleurscolores-oqb.fr\/index.php\/nos-produits\/","og_locale":"fr_FR","og_type":"article","og_title":"Nos produits - Les fleurs color\u00e9es","og_description":"Nous vendons plusieurs sorte de produits contenant des fleurs comme : des fleurs comestibles, des bouquets de fleurs et du th\u00e9 fait maison. Voici les diff\u00e9rent prix :","og_url":"https:\/\/www.xn--lesfleurscolores-oqb.fr\/index.php\/nos-produits\/","og_site_name":"Les fleurs color\u00e9es","article_modified_time":"2026-02-19T15:36:54+00:00","twitter_card":"summary_large_image","twitter_misc":{"Dur\u00e9e de lecture estim\u00e9e":"1 minute"},"schema":{"@context":"https:\/\/schema.org","@graph":[{"@type":"WebPage","@id":"https:\/\/www.xn--lesfleurscolores-oqb.fr\/index.php\/nos-produits\/","url":"https:\/\/www.xn--lesfleurscolores-oqb.fr\/index.php\/nos-produits\/","name":"Nos produits - Les fleurs color\u00e9es","isPartOf":{"@id":"http:\/\/www.xn--lesfleurscolores-oqb.fr\/#website"},"datePublished":"2026-02-19T15:36:53+00:00","dateModified":"2026-02-19T15:36:54+00:00","breadcrumb":{"@id":"https:\/\/www.xn--lesfleurscolores-oqb.fr\/index.php\/nos-produits\/#breadcrumb"},"inLanguage":"fr-FR","potentialAction":[{"@type":"ReadAction","target":["https:\/\/www.xn--lesfleurscolores-oqb.fr\/index.php\/nos-produits\/"]}]},{"@type":"BreadcrumbList","@id":"https:\/\/www.xn--lesfleurscolores-oqb.fr\/index.php\/nos-produits\/#breadcrumb","itemListElement":[{"@type":"ListItem","position":1,"name":"Accueil","item":"http:\/\/www.xn--lesfleurscolores-oqb.fr\/"},{"@type":"ListItem","position":2,"name":"Nos produits"}]},{"@type":"WebSite","@id":"http:\/\/www.xn--lesfleurscolores-oqb.fr\/#website","url":"http:\/\/www.xn--lesfleurscolores-oqb.fr\/","name":"Les fleurs color\u00e9es","description":"","potentialAction":[{"@type":"SearchAction","target":{"@type":"EntryPoint","urlTemplate":"http:\/\/www.xn--lesfleurscolores-oqb.fr\/?s={search_term_string}"},"query-input":{"@type":"PropertyValueSpecification","valueRequired":true,"valueName":"search_term_string"}}],"inLanguage":"fr-FR"}]}},"_links":{"self":[{"href":"https:\/\/www.xn--lesfleurscolores-oqb.fr\/index.php\/wp-json\/wp\/v2\/pages\/31","targetHints":{"allow":["GET"]}}],"collection":[{"href":"https:\/\/www.xn--lesfleurscolores-oqb.fr\/index.php\/wp-json\/wp\/v2\/pages"}],"about":[{"href":"https:\/\/www.xn--lesfleurscolores-oqb.fr\/index.php\/wp-json\/wp\/v2\/types\/page"}],"author":[{"embeddable":true,"href":"https:\/\/www.xn--lesfleurscolores-oqb.fr\/index.php\/wp-json\/wp\/v2\/users\/1"}],"replies":[{"embeddable":true,"href":"https:\/\/www.xn--lesfleurscolores-oqb.fr\/index.php\/wp-json\/wp\/v2\/comments?post=31"}],"version-history":[{"count":1,"href":"https:\/\/www.xn--lesfleurscolores-oqb.fr\/index.php\/wp-json\/wp\/v2\/pages\/31\/revisions"}],"predecessor-version":[{"id":32,"href":"https:\/\/www.xn--lesfleurscolores-oqb.fr\/index.php\/wp-json\/wp\/v2\/pages\/31\/revisions\/32"}],"wp:attachment":[{"href":"https:\/\/www.xn--lesfleurscolores-oqb.fr\/index.php\/wp-json\/wp\/v2\/media?parent=31"}],"curies":[{"name":"wp","href":"https:\/\/api.w.org\/{rel}","templated":true}]}}